{"id":1134,"date":"2025-01-14T16:15:26","date_gmt":"2025-01-14T15:15:26","guid":{"rendered":"https:\/\/restaurantlaclau7784.com\/?page_id=1134"},"modified":"2026-03-27T09:00:32","modified_gmt":"2026-03-27T08:00:32","slug":"menu-degustacio-a-sant-llorenc-savall","status":"publish","type":"page","link":"https:\/\/restaurantlaclau7784.com\/en\/menu-degustacio-a-sant-llorenc-savall\/","title":{"rendered":"Tasting menu"},"content":{"rendered":"<div data-elementor-type=\"wp-page\" data-elementor-id=\"1134\" class=\"elementor elementor-1134\" data-elementor-post-type=\"page\">\n\t\t\t\t<div class=\"elementor-element elementor-element-a04fbb7 e-flex e-con-boxed e-con e-parent\" data-id=\"a04fbb7\" data-element_type=\"container\" data-e-type=\"container\">\n\t\t\t\t\t<div class=\"e-con-inner\">\n\t\t\t\t<div class=\"elementor-element elementor-element-e670188 elementor-widget elementor-widget-heading\" data-id=\"e670188\" data-element_type=\"widget\" data-e-type=\"widget\" data-widget_type=\"heading.default\">\n\t\t\t\t<div class=\"elementor-widget-container\">\n\t\t\t\t\t<h1 class=\"elementor-heading-title elementor-size-default\">Tasting menu in Sant Lloren\u00e7 Savall<\/h1>\t\t\t\t<\/div>\n\t\t\t\t<\/div>\n\t\t\t\t<div class=\"elementor-element elementor-element-80b2a39 elementor-widget elementor-widget-heading\" data-id=\"80b2a39\" data-element_type=\"widget\" data-e-type=\"widget\" data-widget_type=\"heading.default\">\n\t\t\t\t<div class=\"elementor-widget-container\">\n\t\t\t\t\t<h2 class=\"elementor-heading-title elementor-size-default\">At La Clau 7784 we are waiting for you with a tasting menu in Sant Lloren\u00e7 Savall designed to surprise the senses: 7 creative dishes with seasonal products, quality wine and artisanal desserts.\n\n<\/h2>\t\t\t\t<\/div>\n\t\t\t\t<\/div>\n\t\t\t\t<div class=\"elementor-element elementor-element-08ec7a4 elementor-widget elementor-widget-image\" data-id=\"08ec7a4\" data-element_type=\"widget\" data-e-type=\"widget\" data-widget_type=\"image.default\">\n\t\t\t\t<div class=\"elementor-widget-container\">\n\t\t\t\t\t\t\t\t\t\t\t\t\t\t\t\t<a href=\"https:\/\/restaurantlaclau7784.com\/wp-content\/uploads\/2026\/03\/1774542285334.png\" data-elementor-open-lightbox=\"yes\" data-elementor-lightbox-title=\"1774542285334\" data-e-action-hash=\"#elementor-action%3Aaction%3Dlightbox%26settings%3DeyJpZCI6MTQzNywidXJsIjoiaHR0cHM6XC9cL3Jlc3RhdXJhbnRsYWNsYXU3Nzg0LmNvbVwvd3AtY29udGVudFwvdXBsb2Fkc1wvMjAyNlwvMDNcLzE3NzQ1NDIyODUzMzQucG5nIn0%3D\">\n\t\t\t\t\t\t\t<img fetchpriority=\"high\" decoding=\"async\" width=\"1414\" height=\"2000\" src=\"https:\/\/restaurantlaclau7784.com\/wp-content\/uploads\/2026\/03\/1774542285334.png\" class=\"attachment-full size-full wp-image-1437\" alt=\"\" srcset=\"https:\/\/restaurantlaclau7784.com\/wp-content\/uploads\/2026\/03\/1774542285334.png 1414w, https:\/\/restaurantlaclau7784.com\/wp-content\/uploads\/2026\/03\/1774542285334-212x300.png 212w, https:\/\/restaurantlaclau7784.com\/wp-content\/uploads\/2026\/03\/1774542285334-724x1024.png 724w, https:\/\/restaurantlaclau7784.com\/wp-content\/uploads\/2026\/03\/1774542285334-768x1086.png 768w, https:\/\/restaurantlaclau7784.com\/wp-content\/uploads\/2026\/03\/1774542285334-1086x1536.png 1086w, https:\/\/restaurantlaclau7784.com\/wp-content\/uploads\/2026\/03\/1774542285334-8x12.png 8w\" sizes=\"(max-width: 1414px) 100vw, 1414px\" title=\"\">\t\t\t\t\t\t\t\t<\/a>\n\t\t\t\t\t\t\t\t\t\t\t\t\t\t\t<\/div>\n\t\t\t\t<\/div>\n\t\t\t\t<div class=\"elementor-element elementor-element-7c5799f elementor-widget elementor-widget-heading\" data-id=\"7c5799f\" data-element_type=\"widget\" data-e-type=\"widget\" data-widget_type=\"heading.default\">\n\t\t\t\t<div class=\"elementor-widget-container\">\n\t\t\t\t\t<h2 class=\"elementor-heading-title elementor-size-default\">Book your tasting menu in Sant Lloren\u00e7 Savall and be surprised by the flavors of La Clau 7784.\n<\/h2>\t\t\t\t<\/div>\n\t\t\t\t<\/div>\n\t\t\t\t<div class=\"elementor-element elementor-element-be87bd1 elementor-align-center elementor-widget elementor-widget-button\" data-id=\"be87bd1\" data-element_type=\"widget\" data-e-type=\"widget\" data-widget_type=\"button.default\">\n\t\t\t\t<div class=\"elementor-widget-container\">\n\t\t\t\t\t\t\t\t\t<div class=\"elementor-button-wrapper\">\n\t\t\t\t\t<a class=\"elementor-button elementor-button-link elementor-size-sm\" href=\"tel:+34635332355\" target=\"_blank\">\n\t\t\t\t\t\t<span class=\"elementor-button-content-wrapper\">\n\t\t\t\t\t\t\t\t\t<span class=\"elementor-button-text\">RESERVE<\/span>\n\t\t\t\t\t<\/span>\n\t\t\t\t\t<\/a>\n\t\t\t\t<\/div>\n\t\t\t\t\t\t\t\t<\/div>\n\t\t\t\t<\/div>\n\t\t\t\t\t<\/div>\n\t\t\t\t<\/div>\n\t\t\t\t<\/div>","protected":false},"excerpt":{"rendered":"<p>Men\u00fa degustaci\u00f3 a Sant Lloren\u00e7 Savall A La Clau 7784 t\u2019esperem amb un men\u00fa degustaci\u00f3 a Sant Lloren\u00e7 Savall pensat per sorprendre els sentits: 7 platillos creatius amb productes de temporada, vi de qualitat i postres artesanals. Reserva el teu men\u00fa degustaci\u00f3 a Sant Lloren\u00e7 Savall i deixa\u2019t sorprendre pels sabors de La Clau 7784. [&hellip;]<\/p>\n","protected":false},"author":1,"featured_media":0,"parent":0,"menu_order":0,"comment_status":"closed","ping_status":"closed","template":"","meta":{"site-sidebar-layout":"no-sidebar","site-content-layout":"","ast-site-content-layout":"full-width-container","site-content-style":"default","site-sidebar-style":"default","ast-global-header-display":"","ast-banner-title-visibility":"","ast-main-header-display":"","ast-hfb-above-header-display":"","ast-hfb-below-header-display":"","ast-hfb-mobile-header-display":"","site-post-title":"disabled","ast-breadcrumbs-content":"","ast-featured-img":"disabled","footer-sml-layout":"","ast-disable-related-posts":"","theme-transparent-header-meta":"","adv-header-id-meta":"","stick-header-meta":"","header-above-stick-meta":"","header-main-stick-meta":"","header-below-stick-meta":"","astra-migrate-meta-layouts":"default","ast-page-background-enabled":"default","ast-page-background-meta":{"desktop":{"background-color":"var(--ast-global-color-4)","background-image":"","background-repeat":"repeat","background-position":"center center","background-size":"auto","background-attachment":"scroll","background-type":"","background-media":"","overlay-type":"","overlay-color":"","overlay-opacity":"","overlay-gradient":""},"tablet":{"background-color":"","background-image":"","background-repeat":"repeat","background-position":"center center","background-size":"auto","background-attachment":"scroll","background-type":"","background-media":"","overlay-type":"","overlay-color":"","overlay-opacity":"","overlay-gradient":""},"mobile":{"background-color":"","background-image":"","background-repeat":"repeat","background-position":"center center","background-size":"auto","background-attachment":"scroll","background-type":"","background-media":"","overlay-type":"","overlay-color":"","overlay-opacity":"","overlay-gradient":""}},"ast-content-background-meta":{"desktop":{"background-color":"var(--ast-global-color-5)","background-image":"","background-repeat":"repeat","background-position":"center center","background-size":"auto","background-attachment":"scroll","background-type":"","background-media":"","overlay-type":"","overlay-color":"","overlay-opacity":"","overlay-gradient":""},"tablet":{"background-color":"var(--ast-global-color-5)","background-image":"","background-repeat":"repeat","background-position":"center center","background-size":"auto","background-attachment":"scroll","background-type":"","background-media":"","overlay-type":"","overlay-color":"","overlay-opacity":"","overlay-gradient":""},"mobile":{"background-color":"var(--ast-global-color-5)","background-image":"","background-repeat":"repeat","background-position":"center center","background-size":"auto","background-attachment":"scroll","background-type":"","background-media":"","overlay-type":"","overlay-color":"","overlay-opacity":"","overlay-gradient":""}},"footnotes":""},"class_list":["post-1134","page","type-page","status-publish","hentry"],"_links":{"self":[{"href":"https:\/\/restaurantlaclau7784.com\/en\/wp-json\/wp\/v2\/pages\/1134","targetHints":{"allow":["GET"]}}],"collection":[{"href":"https:\/\/restaurantlaclau7784.com\/en\/wp-json\/wp\/v2\/pages"}],"about":[{"href":"https:\/\/restaurantlaclau7784.com\/en\/wp-json\/wp\/v2\/types\/page"}],"author":[{"embeddable":true,"href":"https:\/\/restaurantlaclau7784.com\/en\/wp-json\/wp\/v2\/users\/1"}],"replies":[{"embeddable":true,"href":"https:\/\/restaurantlaclau7784.com\/en\/wp-json\/wp\/v2\/comments?post=1134"}],"version-history":[{"count":73,"href":"https:\/\/restaurantlaclau7784.com\/en\/wp-json\/wp\/v2\/pages\/1134\/revisions"}],"predecessor-version":[{"id":1440,"href":"https:\/\/restaurantlaclau7784.com\/en\/wp-json\/wp\/v2\/pages\/1134\/revisions\/1440"}],"wp:attachment":[{"href":"https:\/\/restaurantlaclau7784.com\/en\/wp-json\/wp\/v2\/media?parent=1134"}],"curies":[{"name":"wp","href":"https:\/\/api.w.org\/{rel}","templated":true}]}}