{"id":1148,"date":"2025-01-14T16:18:49","date_gmt":"2025-01-14T15:18:49","guid":{"rendered":"https:\/\/restaurantlaclau7784.com\/?page_id=1148"},"modified":"2026-02-05T08:50:10","modified_gmt":"2026-02-05T07:50:10","slug":"menu-calcotada-a-sant-llorenc-savall","status":"publish","type":"page","link":"https:\/\/restaurantlaclau7784.com\/es\/menu-calcotada-a-sant-llorenc-savall\/","title":{"rendered":"Men\u00fa Cal\u00e7otada"},"content":{"rendered":"<div data-elementor-type=\"wp-page\" data-elementor-id=\"1148\" class=\"elementor elementor-1148\" data-elementor-post-type=\"page\">\n\t\t\t\t<div class=\"elementor-element elementor-element-43a4414 e-flex e-con-boxed e-con e-parent\" data-id=\"43a4414\" data-element_type=\"container\" data-e-type=\"container\">\n\t\t\t\t\t<div class=\"e-con-inner\">\n\t\t\t\t<div class=\"elementor-element elementor-element-ff27481 elementor-widget elementor-widget-heading\" data-id=\"ff27481\" data-element_type=\"widget\" data-e-type=\"widget\" data-widget_type=\"heading.default\">\n\t\t\t\t<div class=\"elementor-widget-container\">\n\t\t\t\t\t<h1 class=\"elementor-heading-title elementor-size-default\">Men\u00fa Cal\u00e7otada en Sant Lloren\u00e7 Savall<\/h1>\t\t\t\t<\/div>\n\t\t\t\t<\/div>\n\t\t\t\t<div class=\"elementor-element elementor-element-6a1acee elementor-widget elementor-widget-heading\" data-id=\"6a1acee\" data-element_type=\"widget\" data-e-type=\"widget\" data-widget_type=\"heading.default\">\n\t\t\t\t<div class=\"elementor-widget-container\">\n\t\t\t\t\t<h2 class=\"elementor-heading-title elementor-size-default\">Si est\u00e1s buscando un lugar donde disfrutar de un men\u00fa cal\u00e7otada en Sant Lloren\u00e7 Savall, en La Clau 7784 te ofrecemos una experiencia gastron\u00f3mica \u00fanica en plena naturaleza.\n<\/h2>\t\t\t\t<\/div>\n\t\t\t\t<\/div>\n\t\t\t\t<div class=\"elementor-element elementor-element-990bb9b elementor-widget elementor-widget-image\" data-id=\"990bb9b\" data-element_type=\"widget\" data-e-type=\"widget\" data-widget_type=\"image.default\">\n\t\t\t\t<div class=\"elementor-widget-container\">\n\t\t\t\t\t\t\t\t\t\t\t\t\t\t\t<img fetchpriority=\"high\" decoding=\"async\" width=\"724\" height=\"1024\" src=\"https:\/\/restaurantlaclau7784.com\/wp-content\/uploads\/2025\/01\/Menu-Restaurante-Calcotada-Ilustrado-Naranja-Negro_20250114_210241_0000-724x1024.png\" class=\"attachment-large size-large wp-image-1175\" alt=\"men\u00fa cal\u00e7otada a Sant Lloren\u00e7 Savall\" srcset=\"https:\/\/restaurantlaclau7784.com\/wp-content\/uploads\/2025\/01\/Menu-Restaurante-Calcotada-Ilustrado-Naranja-Negro_20250114_210241_0000-724x1024.png 724w, https:\/\/restaurantlaclau7784.com\/wp-content\/uploads\/2025\/01\/Menu-Restaurante-Calcotada-Ilustrado-Naranja-Negro_20250114_210241_0000-212x300.png 212w, https:\/\/restaurantlaclau7784.com\/wp-content\/uploads\/2025\/01\/Menu-Restaurante-Calcotada-Ilustrado-Naranja-Negro_20250114_210241_0000-768x1086.png 768w, https:\/\/restaurantlaclau7784.com\/wp-content\/uploads\/2025\/01\/Menu-Restaurante-Calcotada-Ilustrado-Naranja-Negro_20250114_210241_0000-1086x1536.png 1086w, https:\/\/restaurantlaclau7784.com\/wp-content\/uploads\/2025\/01\/Menu-Restaurante-Calcotada-Ilustrado-Naranja-Negro_20250114_210241_0000-8x12.png 8w, https:\/\/restaurantlaclau7784.com\/wp-content\/uploads\/2025\/01\/Menu-Restaurante-Calcotada-Ilustrado-Naranja-Negro_20250114_210241_0000.png 1414w\" sizes=\"(max-width: 724px) 100vw, 724px\" title=\"\">\t\t\t\t\t\t\t\t\t\t\t\t\t\t\t<\/div>\n\t\t\t\t<\/div>\n\t\t\t\t<div class=\"elementor-element elementor-element-71699c9 elementor-widget elementor-widget-heading\" data-id=\"71699c9\" data-element_type=\"widget\" data-e-type=\"widget\" data-widget_type=\"heading.default\">\n\t\t\t\t<div class=\"elementor-widget-container\">\n\t\t\t\t\t<h2 class=\"elementor-heading-title elementor-size-default\">Reserva ahora tu men\u00fa cal\u00e7otada en Sant Lloren\u00e7 Savall y vive una jornada de sabor y tradici\u00f3n.\n<\/h2>\t\t\t\t<\/div>\n\t\t\t\t<\/div>\n\t\t\t\t\t<\/div>\n\t\t\t\t<\/div>\n\t\t<div class=\"elementor-element elementor-element-2755432 e-flex e-con-boxed e-con e-parent\" data-id=\"2755432\" data-element_type=\"container\" data-e-type=\"container\">\n\t\t\t\t\t<div class=\"e-con-inner\">\n\t\t\t\t<div class=\"elementor-element elementor-element-77e60c0 elementor-align-center elementor-widget elementor-widget-button\" data-id=\"77e60c0\" data-element_type=\"widget\" data-e-type=\"widget\" data-widget_type=\"button.default\">\n\t\t\t\t<div class=\"elementor-widget-container\">\n\t\t\t\t\t\t\t\t\t<div class=\"elementor-button-wrapper\">\n\t\t\t\t\t<a class=\"elementor-button elementor-button-link elementor-size-sm\" href=\"https:\/\/restaurantlaclau7784.com\/es\/contacta-amb-la-clau-7784\/\" target=\"_blank\">\n\t\t\t\t\t\t<span class=\"elementor-button-content-wrapper\">\n\t\t\t\t\t\t\t\t\t<span class=\"elementor-button-text\">RESERVAR<\/span>\n\t\t\t\t\t<\/span>\n\t\t\t\t\t<\/a>\n\t\t\t\t<\/div>\n\t\t\t\t\t\t\t\t<\/div>\n\t\t\t\t<\/div>\n\t\t\t\t\t<\/div>\n\t\t\t\t<\/div>\n\t\t\t\t<\/div>","protected":false},"excerpt":{"rendered":"<p>Men\u00fa Cal\u00e7otada a Sant Lloren\u00e7 Savall Si est\u00e0s buscant un lloc on gaudir d\u2019un men\u00fa cal\u00e7otada a Sant Lloren\u00e7 Savall, a La Clau 7784 t\u2019oferim una experi\u00e8ncia gastron\u00f2mica \u00fanica en plena natura. Reserva ara el teu men\u00fa cal\u00e7otada a Sant Lloren\u00e7 Savall i viu una jornada de sabor i tradici\u00f3. RESERVAR<\/p>","protected":false},"author":1,"featured_media":0,"parent":0,"menu_order":0,"comment_status":"closed","ping_status":"closed","template":"","meta":{"site-sidebar-layout":"no-sidebar","site-content-layout":"","ast-site-content-layout":"full-width-container","site-content-style":"default","site-sidebar-style":"default","ast-global-header-display":"","ast-banner-title-visibility":"","ast-main-header-display":"","ast-hfb-above-header-display":"","ast-hfb-below-header-display":"","ast-hfb-mobile-header-display":"","site-post-title":"disabled","ast-breadcrumbs-content":"","ast-featured-img":"disabled","footer-sml-layout":"","ast-disable-related-posts":"","theme-transparent-header-meta":"","adv-header-id-meta":"","stick-header-meta":"","header-above-stick-meta":"","header-main-stick-meta":"","header-below-stick-meta":"","astra-migrate-meta-layouts":"default","ast-page-background-enabled":"default","ast-page-background-meta":{"desktop":{"background-color":"var(--ast-global-color-4)","background-image":"","background-repeat":"repeat","background-position":"center center","background-size":"auto","background-attachment":"scroll","background-type":"","background-media":"","overlay-type":"","overlay-color":"","overlay-opacity":"","overlay-gradient":""},"tablet":{"background-color":"","background-image":"","background-repeat":"repeat","background-position":"center center","background-size":"auto","background-attachment":"scroll","background-type":"","background-media":"","overlay-type":"","overlay-color":"","overlay-opacity":"","overlay-gradient":""},"mobile":{"background-color":"","background-image":"","background-repeat":"repeat","background-position":"center center","background-size":"auto","background-attachment":"scroll","background-type":"","background-media":"","overlay-type":"","overlay-color":"","overlay-opacity":"","overlay-gradient":""}},"ast-content-background-meta":{"desktop":{"background-color":"var(--ast-global-color-5)","background-image":"","background-repeat":"repeat","background-position":"center center","background-size":"auto","background-attachment":"scroll","background-type":"","background-media":"","overlay-type":"","overlay-color":"","overlay-opacity":"","overlay-gradient":""},"tablet":{"background-color":"var(--ast-global-color-5)","background-image":"","background-repeat":"repeat","background-position":"center center","background-size":"auto","background-attachment":"scroll","background-type":"","background-media":"","overlay-type":"","overlay-color":"","overlay-opacity":"","overlay-gradient":""},"mobile":{"background-color":"var(--ast-global-color-5)","background-image":"","background-repeat":"repeat","background-position":"center center","background-size":"auto","background-attachment":"scroll","background-type":"","background-media":"","overlay-type":"","overlay-color":"","overlay-opacity":"","overlay-gradient":""}},"footnotes":""},"class_list":["post-1148","page","type-page","status-publish","hentry"],"_links":{"self":[{"href":"https:\/\/restaurantlaclau7784.com\/es\/wp-json\/wp\/v2\/pages\/1148","targetHints":{"allow":["GET"]}}],"collection":[{"href":"https:\/\/restaurantlaclau7784.com\/es\/wp-json\/wp\/v2\/pages"}],"about":[{"href":"https:\/\/restaurantlaclau7784.com\/es\/wp-json\/wp\/v2\/types\/page"}],"author":[{"embeddable":true,"href":"https:\/\/restaurantlaclau7784.com\/es\/wp-json\/wp\/v2\/users\/1"}],"replies":[{"embeddable":true,"href":"https:\/\/restaurantlaclau7784.com\/es\/wp-json\/wp\/v2\/comments?post=1148"}],"version-history":[{"count":17,"href":"https:\/\/restaurantlaclau7784.com\/es\/wp-json\/wp\/v2\/pages\/1148\/revisions"}],"predecessor-version":[{"id":1265,"href":"https:\/\/restaurantlaclau7784.com\/es\/wp-json\/wp\/v2\/pages\/1148\/revisions\/1265"}],"wp:attachment":[{"href":"https:\/\/restaurantlaclau7784.com\/es\/wp-json\/wp\/v2\/media?parent=1148"}],"curies":[{"name":"wp","href":"https:\/\/api.w.org\/{rel}","templated":true}]}}