{"id":36,"date":"2024-11-29T09:01:33","date_gmt":"2024-11-29T08:01:33","guid":{"rendered":"https:\/\/restaurantlaclau7784.com\/?page_id=36"},"modified":"2024-12-05T14:37:00","modified_gmt":"2024-12-05T13:37:00","slug":"politica-de-privacitat","status":"publish","type":"page","link":"https:\/\/restaurantlaclau7784.com\/es\/politica-de-privacitat\/","title":{"rendered":"Pol\u00edtica de privacidad"},"content":{"rendered":"<div data-elementor-type=\"wp-page\" data-elementor-id=\"36\" class=\"elementor elementor-36\" data-elementor-post-type=\"page\">\n\t\t\t\t<div class=\"elementor-element elementor-element-438cd96 e-flex e-con-boxed e-con e-parent\" data-id=\"438cd96\" data-element_type=\"container\" data-e-type=\"container\">\n\t\t\t\t\t<div class=\"e-con-inner\">\n\t\t\t\t<div class=\"elementor-element elementor-element-818006d elementor-widget elementor-widget-text-editor\" data-id=\"818006d\" data-element_type=\"widget\" data-e-type=\"widget\" data-widget_type=\"text-editor.default\">\n\t\t\t\t<div class=\"elementor-widget-container\">\n\t\t\t\t\t\t\t\t\t<p data-pm-slice=\"1 1 []\">La presente Pol\u00edtica de Privacidad constituye, junto con las Normas de participaci\u00f3n y el aviso legal, el marco jur\u00eddico que regula el uso del sitio web <a href=\"https:\/\/restaurantlaclau7784.com\/es\/\"><strong>https:\/\/restaurantlaclau7784.com\/<\/strong> <\/a><mark data-color=\"#F5EAC0\">. <\/mark><\/p><p data-pm-slice=\"1 1 []\">Esta Pol\u00edtica de Privacidad regula espec\u00edficamente el uso y tratamiento que LA EMPRESA hace de sus datos de car\u00e1cter personal como usuario del sitio web, ya que al acceder a esta p\u00e1gina web pasa a tener la condici\u00f3n de usuario de este sitio web (en adelante, \u201cel Usuario\u201d).<\/p><p>Este sitio web es propiedad de: Marta Blanco Lopez, con domicilio en <span style=\"font-weight: 400;\">c\/ avellano, 9 \u2013 08230 Matadepera y CIF: 45646096C, <\/span>en adelante LA EMPRESA.<\/p><p>En el sitio web encontrar\u00e1 a su disposici\u00f3n esta Pol\u00edtica de Privacidad en catal\u00e1n para que la pueda consultar, archivar o imprimir en cualquier momento Es posible que var\u00ede con el tiempo como consecuencia de cambios en el sitio web, novedades legislativas o jurisprudenciales , o por la aparici\u00f3n de nuevos criterios de la Agencia Espa\u00f1ola de Protecci\u00f3n de Datos o de la nueva normativa europea que nos obligue a realizar futuras modificaciones. Por eso, LA EMPRESA se reserva el derecho a modificar esta Pol\u00edtica de Privacidad y recomienda leerla detenidamente cada vez que acceda al sitio web.<\/p><p><strong>Confidencialidad<\/strong><\/p><p>LA EMPRESA se compromete a cumplir su obligaci\u00f3n de secreto de los datos de car\u00e1cter personal y el deber de guardarlos de forma confidencial, adoptando las medidas necesarias para evitar su alteraci\u00f3n, p\u00e9rdida, tratamiento o acceso no autorizado, teniendo en cuenta en todo momento el estado de la tecnolog\u00eda.<\/p><p><strong>Seguridad de los datos<\/strong><\/p><p>LA EMPRESA garantiza la adopci\u00f3n de las medidas oportunas para asegurar el tratamiento confidencial de estos datos. Por eso, ha implantado todas las medidas de seguridad t\u00e9cnicas y organizativas necesarias que garanticen la integridad, confidencialidad y disponibilidad de los datos personales facilitados por el usuario, en particular los estipulados en el RGPD (Reglamento General de Protecci\u00f3n de Datos \u2013 UE 2016\/ 679, de 27 de abril), que ha ampliado el alcance de la Ley Org\u00e1nica 15\/1999, de 13 de diciembre, de Protecci\u00f3n de Datos de Car\u00e1cter Personal (LOPD) y su Reglamento de Desarrollo RD 1720\/2007.<\/p><p><strong>Protecci\u00f3n de datos de car\u00e1cter personal<\/strong><\/p><p>Los datos personales facilitados voluntariamente ser\u00e1n tratados de forma confidencial, bajo la protecci\u00f3n y las especificaciones contenidas en el reglamento vigente, y se recoger\u00e1n en un fichero debidamente inscrito en la Agencia de Protecci\u00f3n de Datos, cuyo responsable es LA EMPRESA, y cuya finalidad es la gesti\u00f3n de los usuarios y suscriptores, as\u00ed como la venta online de productos y la resoluci\u00f3n de consultas.<\/p><p>La base legal para el tratamiento de datos es el consentimiento del suscriptor. Tratamos los datos personales de los inscritos en el bolet\u00edn con la finalidad exclusiva de enviarles nuestra newsletter. Tratamos los datos personales de los usuarios registrados y los suscriptores de pago con la finalidad \u00fanica de gestionar su vinculaci\u00f3n con LA EMPRESA, el cobro de las cuotas (en su caso), la organizaci\u00f3n de actividades y campa\u00f1as y el env\u00edo de comunicaciones informativas y comerciales (tambi\u00e9n por v\u00eda electr\u00f3nica).<\/p><p>Los datos personales no se ceder\u00e1n a terceros (excepto por obligaci\u00f3n legal) y se conservar\u00e1n durante el plazo de seis (6) a\u00f1os de acuerdo con la normativa contable vigente y, en su caso, durante diez (10) seg\u00fan la normativa de prevenci\u00f3n de blanqueo de capitales.<\/p><p>El usuario puede acceder a sus datos personales, as\u00ed como solicitar la rectificaci\u00f3n de los datos inexactos o, en su caso, solicitar la cancelaci\u00f3n o supresi\u00f3n cuando los datos ya no sean necesarios para los fines recogidos. Tambi\u00e9n podr\u00e1 solicitar la limitaci\u00f3n, portabilidad y oposici\u00f3n del tratamiento de sus datos, en determinadas circunstancias y por motivos relacionados con su particular situaci\u00f3n.<\/p><p>Podr\u00e1 revocar el consentimiento para el env\u00edo de comunicaciones comerciales y ejercer los derechos referidos anteriormente, mediante el env\u00edo de un correo electr\u00f3nico a <a href=\"mailto:hola@restaurantlaclau7784.com\">hola@restaurantlaclau7784.com<\/a> o dirigi\u00e9ndose por correo ordinario al responsable del fichero ubicado en la direcci\u00f3n social de LA EMPRESA, en ambos casos con la referencia: \u201cProtecci\u00f3n de Datos\u201d, mediante escrito firmado a tal efecto y adjuntando copia de su DNI.<\/p><p><strong>Informaci\u00f3n sobre cookies<\/strong><\/p><p>El sitio web utiliza cookies durante la navegaci\u00f3n del usuario para facilitar la personalizaci\u00f3n y comodidad de la navegaci\u00f3n.<\/p><p>Una cookie es un fragmento de informaci\u00f3n enviado desde un servidor de p\u00e1ginas web a un navegador que puede ser devuelto por el navegador en accesos posteriores a ese servidor. Las &#039;cookies&#039; se asocian al usuario an\u00f3nimo ya su ordenador y no proporcionan por s\u00ed mismas ni el nombre ni los apellidos del usuario.<\/p><p>En este sitio web se utilizan cookies de Google para mostrar anuncios publicitarios basados en anteriores visitas a la web oa otras webs que tambi\u00e9n muestran anuncios de Google. Los usuarios pueden optar por no admitir el seguimiento mediante cookies de publicidad accediendo a: <a href=\"https:\/\/www.google.com\/settings\/ads\" target=\"_blank\" rel=\"noopener noreferrer nofollow\">https:\/\/www.google.com\/settings\/ads<\/a><\/p><p><strong>Tipo de cookies<\/strong><\/p><p>\u2013 Cookies de registro: Para identificar al usuario que ha iniciado sesi\u00f3n.<\/p><p>- Cookies de publicidad: Para poder ofrecer contenidos publicitarios relacionados con los intereses del usuario, sea directamente oa trav\u00e9s de terceros llamados Adservers.<\/p><p>- Cookies anal\u00edticas: Para obtener informaci\u00f3n relacionada con la medida de la audiencia.<\/p><p>- Cookies de geolocalizaci\u00f3n: Dan informaci\u00f3n sobre la ubicaci\u00f3n geogr\u00e1fica del usuario.<\/p><p>El usuario tiene la posibilidad de configurar su navegador de forma que sea informado de la recepci\u00f3n de &#039;cookies&#039;, con la posibilidad, si lo desea, de impedir que se instalen en su disco duro. Sin embargo, para acceder al sitio web no es obligatoria la instalaci\u00f3n de &#039;cookies&#039;.<\/p><p>Seg\u00fan el tipo de navegador que utilice el usuario puede desactivar el uso de las cookies en:<\/p><p>\u2013 Chrome: Configuraci\u00f3n &gt; Configuraci\u00f3n avanzada &gt; Privacidad y seguridad &gt; Configuraci\u00f3n del contenido<\/p><p>\u2013 Firefox: Opciones &gt; Privacidad y seguridad<\/p><p>\u2013 Edge: Configuraci\u00f3n &gt; Configuraci\u00f3n avanzada &gt; Privacidad y servicios<\/p><p>\u2013 Safari: Preferencias &gt; Privacidad<\/p><p><strong>LSSICE<\/strong><\/p><p>Asimismo, informamos que no utilizamos estos datos para enviar comunicaciones comerciales por correo electr\u00f3nico no solicitadas o no autorizadas expresa y previamente por el interesado, seg\u00fan lo estipulado en la LSSICE.<\/p><p><strong>Comunicaciones<\/strong><\/p><p>Para efectuar cualquier notificaci\u00f3n en relaci\u00f3n con el presente contrato, LA EMPRESA designar\u00e1 expresamente como domicilio el que figura en este texto y el usuario designar\u00e1 expresamente como domicilio el que figure en el formulario de solicitud. Para llevar a cabo la contrataci\u00f3n, se compromete a mantener operativa, activa y actualizada la direcci\u00f3n de correo electr\u00f3nico (e-mail) proporcionada para las comunicaciones con LA EMPRESA, ya que constituye el medio de comunicaci\u00f3n preferente (aunque no \u00fanico). Por lo general, el usuario se compromete y obliga a mantener actualizados de manera permanente sus datos personales y de contacto; y debe comunicar, de forma fehaciente, cualquier cambio. La falta de esta comunicaci\u00f3n implicar\u00e1 que se consideren v\u00e1lidas las notificaciones efectuadas en la direcci\u00f3n que constaba en el formulario.<\/p><p><strong>Nulidad e ineficacia de las cl\u00e1usulas<\/strong><\/p><p>Si cualquier cl\u00e1usula de la presente Pol\u00edtica de Privacidad junto con la Pol\u00edtica de Privacidad y la Pol\u00edtica de Cookies fuese declarada total o parcialmente nula o ineficaz, afectar\u00e1 s\u00f3lo a esta disposici\u00f3n o parte de la misma que resulte nula o ineficaz, subsistiendo en todo lo dem\u00e1s el resto de condiciones generales y consider\u00e1ndose tal disposici\u00f3n o la parte de la misma que resulte afectada como no puesta, salvo que, de resultar esencial en las presentes condiciones generales, deba afectarlas de forma integral.<\/p><p><strong>Ley aplicable y jurisdicci\u00f3n<\/strong><\/p><p>Para la resoluci\u00f3n de todas las controversias o cuestiones relacionadas con este sitio web o de las actividades que se desarrollen, ser\u00e1 de aplicaci\u00f3n la legislaci\u00f3n espa\u00f1ola en todos los casos, a la que se someten expresamente las partes. El mero hecho de la utilizaci\u00f3n de los servicios de este sitio web presupone la aceptaci\u00f3n expresa de esta aceptaci\u00f3n de la jurisdicci\u00f3n espa\u00f1ola.<\/p><p>Asimismo, y con la excepci\u00f3n de lo que se expresa en el p\u00e1rrafo siguiente, las partes que intervienen acuerdan que todo litigio, discrepancia, cuesti\u00f3n o reclamaci\u00f3n resultante de la ejecuci\u00f3n o interpretaci\u00f3n de las presentes condiciones o relacionado, o de otros textos que puedan existir en el sitio web, se resolver\u00e1n definitivamente mediante sometimiento a los Juzgados y Tribunales de Barcelona con renuncia expresa a cualquier otro fuero o demarcaci\u00f3n jurisdiccional que pueda resultar competente.<\/p><p>El p\u00e1rrafo anterior no se aplica en caso de que una de las partes sea un consumidor o usuario seg\u00fan la definici\u00f3n de la normativa de protecci\u00f3n de los Consumidores y Usuarios (Real decreto legislativo 1\/2007, de 16 de noviembre, por el que se aprueba el texto refundido de la Ley General para la Defensa de los Consumidores y Usuarios y otras leyes complementarias), en este caso, (y por un conflicto relacionado y amparado por la Ley) se aplicar\u00eda preferentemente el sitio designado en esta legislaci\u00f3n.<\/p>\t\t\t\t\t\t\t\t<\/div>\n\t\t\t\t<\/div>\n\t\t\t\t\t<\/div>\n\t\t\t\t<\/div>\n\t\t\t\t<\/div>","protected":false},"excerpt":{"rendered":"<p>La present Pol\u00edtica de Privacitat constitueix, juntament amb les Normes de participaci\u00f3 i l\u2019av\u00eds legal, el marc jur\u00eddic que regula l\u2019\u00fas del lloc web https:\/\/restaurantlaclau7784.com\/ . Aquesta Pol\u00edtica de Privacitat regula espec\u00edficament l\u2019\u00fas i el tractament que L\u2019EMPRESA fa de les seves dades de car\u00e0cter personal com a usuari del lloc web, ja que en [&hellip;]<\/p>\n","protected":false},"author":1,"featured_media":0,"parent":0,"menu_order":0,"comment_status":"closed","ping_status":"closed","template":"","meta":{"site-sidebar-layout":"no-sidebar","site-content-layout":"","ast-site-content-layout":"full-width-container","site-content-style":"default","site-sidebar-style":"default","ast-global-header-display":"","ast-banner-title-visibility":"","ast-main-header-display":"","ast-hfb-above-header-display":"","ast-hfb-below-header-display":"","ast-hfb-mobile-header-display":"","site-post-title":"disabled","ast-breadcrumbs-content":"","ast-featured-img":"disabled","footer-sml-layout":"","ast-disable-related-posts":"","theme-transparent-header-meta":"","adv-header-id-meta":"","stick-header-meta":"","header-above-stick-meta":"","header-main-stick-meta":"","header-below-stick-meta":"","astra-migrate-meta-layouts":"default","ast-page-background-enabled":"default","ast-page-background-meta":{"desktop":{"background-color":"var(--ast-global-color-4)","background-image":"","background-repeat":"repeat","background-position":"center center","background-size":"auto","background-attachment":"scroll","background-type":"","background-media":"","overlay-type":"","overlay-color":"","overlay-opacity":"","overlay-gradient":""},"tablet":{"background-color":"","background-image":"","background-repeat":"repeat","background-position":"center center","background-size":"auto","background-attachment":"scroll","background-type":"","background-media":"","overlay-type":"","overlay-color":"","overlay-opacity":"","overlay-gradient":""},"mobile":{"background-color":"","background-image":"","background-repeat":"repeat","background-position":"center center","background-size":"auto","background-attachment":"scroll","background-type":"","background-media":"","overlay-type":"","overlay-color":"","overlay-opacity":"","overlay-gradient":""}},"ast-content-background-meta":{"desktop":{"background-color":"var(--ast-global-color-5)","background-image":"","background-repeat":"repeat","background-position":"center center","background-size":"auto","background-attachment":"scroll","background-type":"","background-media":"","overlay-type":"","overlay-color":"","overlay-opacity":"","overlay-gradient":""},"tablet":{"background-color":"var(--ast-global-color-5)","background-image":"","background-repeat":"repeat","background-position":"center center","background-size":"auto","background-attachment":"scroll","background-type":"","background-media":"","overlay-type":"","overlay-color":"","overlay-opacity":"","overlay-gradient":""},"mobile":{"background-color":"var(--ast-global-color-5)","background-image":"","background-repeat":"repeat","background-position":"center center","background-size":"auto","background-attachment":"scroll","background-type":"","background-media":"","overlay-type":"","overlay-color":"","overlay-opacity":"","overlay-gradient":""}},"footnotes":""},"class_list":["post-36","page","type-page","status-publish","hentry"],"_links":{"self":[{"href":"https:\/\/restaurantlaclau7784.com\/es\/wp-json\/wp\/v2\/pages\/36","targetHints":{"allow":["GET"]}}],"collection":[{"href":"https:\/\/restaurantlaclau7784.com\/es\/wp-json\/wp\/v2\/pages"}],"about":[{"href":"https:\/\/restaurantlaclau7784.com\/es\/wp-json\/wp\/v2\/types\/page"}],"author":[{"embeddable":true,"href":"https:\/\/restaurantlaclau7784.com\/es\/wp-json\/wp\/v2\/users\/1"}],"replies":[{"embeddable":true,"href":"https:\/\/restaurantlaclau7784.com\/es\/wp-json\/wp\/v2\/comments?post=36"}],"version-history":[{"count":20,"href":"https:\/\/restaurantlaclau7784.com\/es\/wp-json\/wp\/v2\/pages\/36\/revisions"}],"predecessor-version":[{"id":850,"href":"https:\/\/restaurantlaclau7784.com\/es\/wp-json\/wp\/v2\/pages\/36\/revisions\/850"}],"wp:attachment":[{"href":"https:\/\/restaurantlaclau7784.com\/es\/wp-json\/wp\/v2\/media?parent=36"}],"curies":[{"name":"wp","href":"https:\/\/api.w.org\/{rel}","templated":true}]}}